{"id":9711,"date":"2025-06-29T12:54:27","date_gmt":"2025-06-29T10:54:27","guid":{"rendered":"https:\/\/uj.adatbank.ro\/lexikon\/termek\/hasberg-sandor\/"},"modified":"2025-06-29T12:54:27","modified_gmt":"2025-06-29T10:54:27","slug":"hasberg-sandor","status":"publish","type":"product","link":"https:\/\/uj.adatbank.ro\/lexikon\/termek\/hasberg-sandor\/","title":{"rendered":"HASBERG S\u00e1ndor"},"content":{"rendered":"<p>? \u2020\u00a0? : \u00fajs\u00e1g\u00edr\u00f3. \u2013 Mv.-en tev\u00e9kenykedett. K\u00e9tnyelv\u0171 c\u00edmt\u00e1rat jelentetett meg Gheorghe Cariadi rend\u0151rf\u00f6n\u00f6kkel (1928). Majd k\u00e9t lap szerkeszt\u0151je: Ma\u015fina de cusut \u015fi bicicleta, Az Erd\u00e9lyi-B\u00e1n\u00e1ti Varr\u00f3g\u00e9p \u00e9s Ker\u00e9kp\u00e1r Keresked\u0151k Egyes\u00fclet\u00e9nek hivatalos lapja, felel\u0151s szerk. Baumgarten G\u00e9za (1929. -ben megjelent 1\u20133. sz., szept. -nov.), rom\u00e1n, m. \u00e9s n\u00e9met nyelven; Program-K\u00f6zl\u00f6ny, melynek felel\u0151s szerk. Gyulai Zsigmond (1929, 1\u201312. sz., aug. -okt.). <br \/><strong>Irod.:<\/strong> Id\u0151t\u00e1r 3.; Popt\u0103ma\u015f\u2013M\u00f3zes<\/br><\/p>\n","protected":false},"excerpt":{"rendered":"<p>? \u2020\u00a0? : \u00fajs\u00e1g\u00edr\u00f3. \u2013 Mv.-en tev\u00e9kenykedett. K\u00e9tnyelv\u0171 c\u00edmt\u00e1rat jelentetett meg Gheorghe Cariadi rend\u0151rf\u00f6n\u00f6kkel (1928). Majd k\u00e9t lap szerkeszt\u0151je: Ma\u015fina de cusut \u015fi bicicleta, Az Erd\u00e9lyi-B\u00e1n\u00e1ti Varr\u00f3g\u00e9p \u00e9s Ker\u00e9kp\u00e1r Keresked\u0151k Egyes\u00fclet\u00e9nek hivatalos lapja, felel\u0151s szerk. Baumgarten G\u00e9za (1929. -ben megjelent 1\u20133. sz., szept. -nov.), rom\u00e1n, m. \u00e9s n\u00e9met nyelven; Program-K\u00f6zl\u00f6ny, melynek felel\u0151s szerk. Gyulai Zsigmond [&hellip;]<\/p>\n","protected":false},"featured_media":0,"comment_status":"open","ping_status":"closed","template":"","meta":[],"product_brand":[],"product_cat":[137],"product_tag":[],"class_list":{"0":"post-9711","1":"product","2":"type-product","3":"status-publish","5":"product_cat-maros-megyei-eletrajzi-lexikon","7":"first","8":"instock","9":"shipping-taxable","10":"product-type-simple"},"_links":{"self":[{"href":"https:\/\/uj.adatbank.ro\/lexikon\/wp-json\/wp\/v2\/product\/9711","targetHints":{"allow":["GET"]}}],"collection":[{"href":"https:\/\/uj.adatbank.ro\/lexikon\/wp-json\/wp\/v2\/product"}],"about":[{"href":"https:\/\/uj.adatbank.ro\/lexikon\/wp-json\/wp\/v2\/types\/product"}],"replies":[{"embeddable":true,"href":"https:\/\/uj.adatbank.ro\/lexikon\/wp-json\/wp\/v2\/comments?post=9711"}],"wp:attachment":[{"href":"https:\/\/uj.adatbank.ro\/lexikon\/wp-json\/wp\/v2\/media?parent=9711"}],"wp:term":[{"taxonomy":"product_brand","embeddable":true,"href":"https:\/\/uj.adatbank.ro\/lexikon\/wp-json\/wp\/v2\/product_brand?post=9711"},{"taxonomy":"product_cat","embeddable":true,"href":"https:\/\/uj.adatbank.ro\/lexikon\/wp-json\/wp\/v2\/product_cat?post=9711"},{"taxonomy":"product_tag","embeddable":true,"href":"https:\/\/uj.adatbank.ro\/lexikon\/wp-json\/wp\/v2\/product_tag?post=9711"}],"curies":[{"name":"wp","href":"https:\/\/api.w.org\/{rel}","templated":true}]}}